{"id":54,"date":"2020-04-14T15:32:28","date_gmt":"2020-04-14T13:32:28","guid":{"rendered":"https:\/\/www.voetzorgoldenzaal.nl\/?page_id=54"},"modified":"2020-04-16T13:28:11","modified_gmt":"2020-04-16T11:28:11","slug":"advies-2","status":"publish","type":"page","link":"https:\/\/www.voetzorgoldenzaal.nl\/?page_id=54","title":{"rendered":"Advies"},"content":{"rendered":"\n<h2 class=\"wp-block-heading\">Dermoleen cr\u00e8me<\/h2>\n\n\n\n<p>Deze verzorgende en vochtinbrengende cr\u00e8me biedt een aangename en effectieve verzorging. De dermoleen cr\u00e8me is actief tegen droge plekjes, huidschilfers, beschadigde huid en sporiasis. Droge huid wordt door&nbsp;Dermoleen creme&nbsp;ontspand en beschermd.&nbsp;Dermoleen creme&nbsp;zorgt bij regelmatig gebruik voor probleemloos lopen. Ook geschikt voor handen en ellebogen.<\/p>\n\n\n\n<h4 class=\"wp-block-heading\">Werking:<\/h4>\n\n\n\n<p>Eelt komt minder snel terug, zorgt voor een optimale vochthuishouding.<\/p>\n\n\n\n<h4 class=\"wp-block-heading\">Gebruik advies:<\/h4>\n\n\n\n<p>2 keer per dag inmasseren<\/p>\n","protected":false},"excerpt":{"rendered":"<p>Dermoleen cr\u00e8me Deze verzorgende en vochtinbrengende cr\u00e8me biedt een aangename en effectieve verzorging. De dermoleen cr\u00e8me is actief tegen droge plekjes, huidschilfers, beschadigde huid en sporiasis. Droge huid wordt door&nbsp;Dermoleen creme&nbsp;ontspand en beschermd.&nbsp;Dermoleen creme&nbsp;zorgt bij regelmatig gebruik voor probleemloos lopen. Ook geschikt voor handen en ellebogen. Werking: Eelt komt minder snel terug, zorgt voor een &hellip; <\/p>\n","protected":false},"author":1,"featured_media":0,"parent":0,"menu_order":0,"comment_status":"closed","ping_status":"closed","template":"","meta":{"footnotes":""},"class_list":["post-54","page","type-page","status-publish","hentry","latest_post","no_image"],"_links":{"self":[{"href":"https:\/\/www.voetzorgoldenzaal.nl\/index.php?rest_route=\/wp\/v2\/pages\/54","targetHints":{"allow":["GET"]}}],"collection":[{"href":"https:\/\/www.voetzorgoldenzaal.nl\/index.php?rest_route=\/wp\/v2\/pages"}],"about":[{"href":"https:\/\/www.voetzorgoldenzaal.nl\/index.php?rest_route=\/wp\/v2\/types\/page"}],"author":[{"embeddable":true,"href":"https:\/\/www.voetzorgoldenzaal.nl\/index.php?rest_route=\/wp\/v2\/users\/1"}],"replies":[{"embeddable":true,"href":"https:\/\/www.voetzorgoldenzaal.nl\/index.php?rest_route=%2Fwp%2Fv2%2Fcomments&post=54"}],"version-history":[{"count":3,"href":"https:\/\/www.voetzorgoldenzaal.nl\/index.php?rest_route=\/wp\/v2\/pages\/54\/revisions"}],"predecessor-version":[{"id":824,"href":"https:\/\/www.voetzorgoldenzaal.nl\/index.php?rest_route=\/wp\/v2\/pages\/54\/revisions\/824"}],"wp:attachment":[{"href":"https:\/\/www.voetzorgoldenzaal.nl\/index.php?rest_route=%2Fwp%2Fv2%2Fmedia&parent=54"}],"curies":[{"name":"wp","href":"https:\/\/api.w.org\/{rel}","templated":true}]}}